{"id":3419,"date":"2021-06-05T18:35:39","date_gmt":"2021-06-05T22:35:39","guid":{"rendered":"https:\/\/amysdejeuner.com\/?page_id=3419"},"modified":"2026-05-05T10:25:15","modified_gmt":"2026-05-05T14:25:15","slug":"home","status":"publish","type":"page","link":"https:\/\/amysdejeuner.com\/fr\/","title":{"rendered":"Home"},"content":{"rendered":"\n<div class=\"is-light wp-block-cover has-parallax\"><div class=\"wp-block-cover__image-background wp-image-99 has-parallax\" style=\"background-position:50% 50%;background-image:url(https:\/\/amysdejeuner.com\/wp-content\/uploads\/2021\/06\/Background.jpg)\"><\/div><span aria-hidden=\"true\" class=\"wp-block-cover__background has-background-dim-20 has-background-dim\"><\/span><div class=\"wp-block-cover__inner-container is-layout-flow wp-block-cover-is-layout-flow\">\n<hr class=\"wp-block-separator has-css-opacity\"\/>\n\n\n\n<div style=\"height:100px\" aria-hidden=\"true\" class=\"wp-block-spacer\"><\/div>\n\n\n\n<h2 class=\"wp-block-heading has-text-align-center has-background-color has-text-color\">Bienvenue chez Amy\u2019s<\/h2>\n\n\n\n<div style=\"height:100px\" aria-hidden=\"true\" class=\"wp-block-spacer\"><\/div>\n\n\n\n<hr class=\"wp-block-separator has-css-opacity\"\/>\n<\/div><\/div>\n\n\n\n<div style=\"height:100px\" aria-hidden=\"true\" class=\"wp-block-spacer\"><\/div>\n\n\n\n<div class=\"wp-block-columns is-layout-flex wp-container-core-columns-is-layout-9d6595d7 wp-block-columns-is-layout-flex\">\n<div class=\"wp-block-column is-layout-flow wp-block-column-is-layout-flow\">\n<div style=\"height:100px\" aria-hidden=\"true\" class=\"wp-block-spacer\"><\/div>\n<\/div>\n\n\n\n<div class=\"wp-block-column is-layout-flow wp-block-column-is-layout-flow\" style=\"flex-basis:50%\">\n<h1 class=\"wp-block-heading has-text-align-center\" style=\"font-size:45px\">\u00c0 propos<\/h1>\n\n\n\n<p class=\"has-text-align-center\">Amy\u2019s est un endroit unique et familiale comme \u00e0 la maison offrant des d\u00e9jeuners, d\u00eeners et des beignes d\u00e9licieux.<\/p>\n\n\n\n<p class=\"has-text-align-center\">Un d\u00e9jeuner distinctif et un menu midi pr\u00e9par\u00e9 exclusivement avec des ingr\u00e9dients de premi\u00e8re qualit\u00e9. Des options menu sant\u00e9 et v\u00e9g\u00e9tarien sont disponibles \u00e9galement ainsi que nos fameux smoothies et nos caf\u00e9s sp\u00e9cialis\u00e9s. Nos d\u00e9licieux beignes sont fait \u00e0 la main chaque matin et sont disponibles en plusieurs vari\u00e9t\u00e9s de garniture et de gla\u00e7ages. Fraicheur garantie.<\/p>\n\n\n\n<p class=\"has-text-align-center\">Chez Amy\u2019s nous sommes fiers de servir la fra\u00eecheur et la qualit\u00e9 dans chacunes de nos assiettes. Notre cr\u00e8me anglaise, nos pancakes , nos sauces, notre mayonnaise et nos vinaigrettes sont faites maison. Tous comme nos patates \u00e0 d\u00e9jeuner d\u2019un brun dor\u00e9, croustillantes assaisonn\u00e9es de nos \u00e9pices.<\/p>\n\n\n\n<p class=\"has-text-align-center\">Amy\u2019s veut changer votre mani\u00e8re de voir les d\u00e9jeuners et d\u00eeners. Venez d\u00e9couvrir le populaire endroit \u00e0 Montr\u00e9al offrant des d\u00e9jeuners, d\u00eeners et des beignes d\u00e9licieux.<br><br><strong>Menu leve tot et speciaux du midi disponible!<\/strong><\/p>\n<\/div>\n\n\n\n<div class=\"wp-block-column is-layout-flow wp-block-column-is-layout-flow\">\n<div style=\"height:100px\" aria-hidden=\"true\" class=\"wp-block-spacer\"><\/div>\n<\/div>\n<\/div>\n\n\n\n<div style=\"height:100px\" aria-hidden=\"true\" class=\"wp-block-spacer\"><\/div>\n\n\n\n<div class=\"is-light wp-block-cover has-parallax\"><div class=\"wp-block-cover__image-background wp-image-100 has-parallax\" style=\"background-position:50% 50%;background-image:url(https:\/\/amysdejeuner.com\/wp-content\/uploads\/2021\/06\/hero_1-scaled.jpg)\"><\/div><span aria-hidden=\"true\" class=\"wp-block-cover__background has-background-dim-30 has-background-dim\"><\/span><div class=\"wp-block-cover__inner-container is-layout-flow wp-block-cover-is-layout-flow\">\n<hr class=\"wp-block-separator has-css-opacity\"\/>\n\n\n\n<div style=\"height:100px\" aria-hidden=\"true\" class=\"wp-block-spacer\"><\/div>\n\n\n\n<h2 class=\"wp-block-heading has-text-align-center has-background-color has-text-color\">Nos beignets gourmands<\/h2>\n\n\n\n<div style=\"height:100px\" aria-hidden=\"true\" class=\"wp-block-spacer\"><\/div>\n\n\n\n<hr class=\"wp-block-separator has-css-opacity\"\/>\n<\/div><\/div>\n\n\n\n<div style=\"height:100px\" aria-hidden=\"true\" class=\"wp-block-spacer\"><\/div>\n\n\n\n<hr class=\"wp-block-separator has-css-opacity\"\/>\n\n\n\n<div style=\"height:100px\" aria-hidden=\"true\" class=\"wp-block-spacer\"><\/div>\n\n\n\n<div class=\"wp-block-columns is-layout-flex wp-container-core-columns-is-layout-9d6595d7 wp-block-columns-is-layout-flex\">\n<div class=\"wp-block-column is-layout-flow wp-block-column-is-layout-flow\">\n<div style=\"height:100px\" aria-hidden=\"true\" class=\"wp-block-spacer\"><\/div>\n<\/div>\n\n\n\n<div class=\"wp-block-column is-layout-flow wp-block-column-is-layout-flow\" style=\"flex-basis:50%\">\n<p class=\"has-text-align-center\">1 Beignet 3.75 $ + taxes<br>6 Donuts \/ Fritters $19.00 No tax<\/p>\n\n\n\n<p class=\"has-text-align-center\">Nous avons \u00e9galement une s\u00e9lection quotidienne de beignets v\u00e9g\u00e9taliens et sans produits laitiers.<\/p>\n\n\n\n<p class=\"has-text-align-center\">Notre vari\u00e9t\u00e9 toujours changeante de saveurs de nos beignets faits \u00e0 la main sont pr\u00e9par\u00e9s frais tous les jours, pr\u00eats vers 9h00 chaque matin. Veuillez consulter nos pages <a href=\"https:\/\/www.facebook.com\/amysdejeuner\/\" target=\"_blank\" rel=\"noreferrer noopener\" title=\"https:\/\/www.facebook.com\/amysdejeuner\/\">Facebook<\/a> et <a href=\"https:\/\/www.instagram.com\/amysdejeuner\/\" target=\"_blank\" rel=\"noreferrer noopener\" title=\"https:\/\/www.instagram.com\/amysdejeuner\/\">Instagram<\/a> ci-dessous pour voir nos cr\u00e9ations.<\/p>\n\n\n\n<div class=\"wp-block-columns is-layout-flex wp-container-core-columns-is-layout-9d6595d7 wp-block-columns-is-layout-flex\">\n<div class=\"wp-block-column is-layout-flow wp-block-column-is-layout-flow\">\n<figure class=\"wp-block-image size-large\"><img data-recalc-dims=\"1\" decoding=\"async\" width=\"750\" height=\"1000\" src=\"https:\/\/i0.wp.com\/amysdejeuner.com\/wp-content\/uploads\/2021\/06\/Dount_1.jpg?resize=750%2C1000&#038;ssl=1\" alt=\"\" class=\"wp-image-134\" srcset=\"https:\/\/i0.wp.com\/amysdejeuner.com\/wp-content\/uploads\/2021\/06\/Dount_1.jpg?resize=768%2C1024&amp;ssl=1 768w, https:\/\/i0.wp.com\/amysdejeuner.com\/wp-content\/uploads\/2021\/06\/Dount_1.jpg?resize=750%2C1000&amp;ssl=1 750w, https:\/\/i0.wp.com\/amysdejeuner.com\/wp-content\/uploads\/2021\/06\/Dount_1.jpg?resize=225%2C300&amp;ssl=1 225w, https:\/\/i0.wp.com\/amysdejeuner.com\/wp-content\/uploads\/2021\/06\/Dount_1.jpg?resize=1152%2C1536&amp;ssl=1 1152w, https:\/\/i0.wp.com\/amysdejeuner.com\/wp-content\/uploads\/2021\/06\/Dount_1.jpg?resize=9%2C12&amp;ssl=1 9w, https:\/\/i0.wp.com\/amysdejeuner.com\/wp-content\/uploads\/2021\/06\/Dount_1.jpg?w=1440&amp;ssl=1 1440w\" sizes=\"(max-width: 750px) 100vw, 750px\" \/><\/figure>\n<\/div>\n\n\n\n<div class=\"wp-block-column is-layout-flow wp-block-column-is-layout-flow\">\n<figure class=\"wp-block-image size-large\"><img data-recalc-dims=\"1\" decoding=\"async\" width=\"750\" height=\"1000\" src=\"https:\/\/i0.wp.com\/amysdejeuner.com\/wp-content\/uploads\/2021\/06\/Dount_2.jpg?resize=750%2C1000&#038;ssl=1\" alt=\"\" class=\"wp-image-135\" srcset=\"https:\/\/i0.wp.com\/amysdejeuner.com\/wp-content\/uploads\/2021\/06\/Dount_2.jpg?resize=768%2C1024&amp;ssl=1 768w, https:\/\/i0.wp.com\/amysdejeuner.com\/wp-content\/uploads\/2021\/06\/Dount_2.jpg?resize=750%2C1000&amp;ssl=1 750w, https:\/\/i0.wp.com\/amysdejeuner.com\/wp-content\/uploads\/2021\/06\/Dount_2.jpg?resize=225%2C300&amp;ssl=1 225w, https:\/\/i0.wp.com\/amysdejeuner.com\/wp-content\/uploads\/2021\/06\/Dount_2.jpg?resize=1152%2C1536&amp;ssl=1 1152w, https:\/\/i0.wp.com\/amysdejeuner.com\/wp-content\/uploads\/2021\/06\/Dount_2.jpg?resize=9%2C12&amp;ssl=1 9w, https:\/\/i0.wp.com\/amysdejeuner.com\/wp-content\/uploads\/2021\/06\/Dount_2.jpg?w=1440&amp;ssl=1 1440w\" sizes=\"(max-width: 750px) 100vw, 750px\" \/><\/figure>\n<\/div>\n\n\n\n<div class=\"wp-block-column is-layout-flow wp-block-column-is-layout-flow\">\n<figure class=\"wp-block-image size-large\"><img data-recalc-dims=\"1\" decoding=\"async\" width=\"750\" height=\"1000\" src=\"https:\/\/i0.wp.com\/amysdejeuner.com\/wp-content\/uploads\/2021\/06\/Donut_3.jpg?resize=750%2C1000&#038;ssl=1\" alt=\"\" class=\"wp-image-136\" srcset=\"https:\/\/i0.wp.com\/amysdejeuner.com\/wp-content\/uploads\/2021\/06\/Donut_3.jpg?resize=768%2C1024&amp;ssl=1 768w, https:\/\/i0.wp.com\/amysdejeuner.com\/wp-content\/uploads\/2021\/06\/Donut_3.jpg?resize=750%2C1000&amp;ssl=1 750w, https:\/\/i0.wp.com\/amysdejeuner.com\/wp-content\/uploads\/2021\/06\/Donut_3.jpg?resize=225%2C300&amp;ssl=1 225w, https:\/\/i0.wp.com\/amysdejeuner.com\/wp-content\/uploads\/2021\/06\/Donut_3.jpg?resize=1152%2C1536&amp;ssl=1 1152w, https:\/\/i0.wp.com\/amysdejeuner.com\/wp-content\/uploads\/2021\/06\/Donut_3.jpg?resize=9%2C12&amp;ssl=1 9w, https:\/\/i0.wp.com\/amysdejeuner.com\/wp-content\/uploads\/2021\/06\/Donut_3.jpg?w=1440&amp;ssl=1 1440w\" sizes=\"(max-width: 750px) 100vw, 750px\" \/><\/figure>\n<\/div>\n<\/div>\n<\/div>\n\n\n\n<div class=\"wp-block-column is-layout-flow wp-block-column-is-layout-flow\">\n<div style=\"height:100px\" aria-hidden=\"true\" class=\"wp-block-spacer\"><\/div>\n<\/div>\n<\/div>\n\n\n\n<div style=\"height:100px\" aria-hidden=\"true\" class=\"wp-block-spacer\"><\/div>\n\n\n\n<div class=\"wp-block-cover has-parallax\"><div class=\"wp-block-cover__image-background wp-image-102 has-parallax\" style=\"background-position:50% 10%;background-image:url(https:\/\/amysdejeuner.com\/wp-content\/uploads\/2021\/06\/Inside_1.jpg)\"><\/div><span aria-hidden=\"true\" class=\"wp-block-cover__background has-background-dim-60 has-background-dim\"><\/span><div class=\"wp-block-cover__inner-container is-layout-flow wp-block-cover-is-layout-flow\">\n<div style=\"height:100px\" aria-hidden=\"true\" class=\"wp-block-spacer\"><\/div>\n\n\n\n<div class=\"wp-block-columns is-layout-flex wp-container-core-columns-is-layout-9d6595d7 wp-block-columns-is-layout-flex\">\n<div class=\"wp-block-column is-layout-flow wp-block-column-is-layout-flow\" style=\"flex-basis:25%\">\n<div style=\"height:100px\" aria-hidden=\"true\" class=\"wp-block-spacer\"><\/div>\n<\/div>\n\n\n\n<div class=\"wp-block-column is-layout-flow wp-block-column-is-layout-flow\">\n<h3 class=\"wp-block-heading has-text-align-center\" id=\"contact\">Contact<\/h3>\n\n\n\n<p class=\"change-color-to-white has-text-align-center has-background-color has-text-color\"><a href=\"https:\/\/goo.gl\/maps\/Kf4BQ8T3o9fqPpau7\" target=\"_blank\" rel=\"noreferrer noopener\" title=\"https:\/\/goo.gl\/maps\/Kf4BQ8T3o9fqPpau7\">4701 C, Boul Saint-Jean<br>DDO, QC H9H 2A7<\/a><br>T\u00e9l: <a data-type=\"tel\" data-id=\"tel:+15146241777\" href=\"tel:+15146241777\">(514)-624-1777<\/a><\/p>\n<\/div>\n\n\n\n<div class=\"wp-block-column is-layout-flow wp-block-column-is-layout-flow\">\n<h3 class=\"wp-block-heading has-text-align-center\">Heures d&#8217;ouverture<\/h3>\n\n\n\n<p class=\"has-text-align-center\">Lundi au Vendredi: 7h \u00e0 15h<br>Samedi et Dimance: 7h \u00e0 15h30<\/p>\n<\/div>\n\n\n\n<div class=\"wp-block-column is-layout-flow wp-block-column-is-layout-flow\" style=\"flex-basis:25%\">\n<div style=\"height:100px\" aria-hidden=\"true\" class=\"wp-block-spacer\"><\/div>\n<\/div>\n<\/div>\n\n\n\n<div style=\"height:50px\" aria-hidden=\"true\" class=\"wp-block-spacer\"><\/div>\n\n\n\n<div class=\"wp-block-buttons is-content-justification-center is-layout-flex wp-container-core-buttons-is-layout-16018d1d wp-block-buttons-is-layout-flex\"><\/div>\n\n\n\n<div style=\"height:50px\" aria-hidden=\"true\" class=\"wp-block-spacer\"><\/div>\n\n\n\n<ul class=\"wp-block-social-links aligncenter is-layout-flex wp-block-social-links-is-layout-flex\"><li class=\"wp-social-link wp-social-link-facebook  wp-block-social-link\"><a href=\"https:\/\/www.facebook.com\/amysdejeuner\/\" class=\"wp-block-social-link-anchor\"><svg width=\"24\" height=\"24\" viewBox=\"0 0 24 24\" version=\"1.1\" xmlns=\"http:\/\/www.w3.org\/2000\/svg\" aria-hidden=\"true\" focusable=\"false\"><path d=\"M12 2C6.5 2 2 6.5 2 12c0 5 3.7 9.1 8.4 9.9v-7H7.9V12h2.5V9.8c0-2.5 1.5-3.9 3.8-3.9 1.1 0 2.2.2 2.2.2v2.5h-1.3c-1.2 0-1.6.8-1.6 1.6V12h2.8l-.4 2.9h-2.3v7C18.3 21.1 22 17 22 12c0-5.5-4.5-10-10-10z\"><\/path><\/svg><span class=\"wp-block-social-link-label screen-reader-text\">Facebook<\/span><\/a><\/li>\n\n<li class=\"wp-social-link wp-social-link-instagram  wp-block-social-link\"><a href=\"https:\/\/www.instagram.com\/amysdejeuner\/\" class=\"wp-block-social-link-anchor\"><svg width=\"24\" height=\"24\" viewBox=\"0 0 24 24\" version=\"1.1\" xmlns=\"http:\/\/www.w3.org\/2000\/svg\" aria-hidden=\"true\" focusable=\"false\"><path d=\"M12,4.622c2.403,0,2.688,0.009,3.637,0.052c0.877,0.04,1.354,0.187,1.671,0.31c0.42,0.163,0.72,0.358,1.035,0.673 c0.315,0.315,0.51,0.615,0.673,1.035c0.123,0.317,0.27,0.794,0.31,1.671c0.043,0.949,0.052,1.234,0.052,3.637 s-0.009,2.688-0.052,3.637c-0.04,0.877-0.187,1.354-0.31,1.671c-0.163,0.42-0.358,0.72-0.673,1.035 c-0.315,0.315-0.615,0.51-1.035,0.673c-0.317,0.123-0.794,0.27-1.671,0.31c-0.949,0.043-1.233,0.052-3.637,0.052 s-2.688-0.009-3.637-0.052c-0.877-0.04-1.354-0.187-1.671-0.31c-0.42-0.163-0.72-0.358-1.035-0.673 c-0.315-0.315-0.51-0.615-0.673-1.035c-0.123-0.317-0.27-0.794-0.31-1.671C4.631,14.688,4.622,14.403,4.622,12 s0.009-2.688,0.052-3.637c0.04-0.877,0.187-1.354,0.31-1.671c0.163-0.42,0.358-0.72,0.673-1.035 c0.315-0.315,0.615-0.51,1.035-0.673c0.317-0.123,0.794-0.27,1.671-0.31C9.312,4.631,9.597,4.622,12,4.622 M12,3 C9.556,3,9.249,3.01,8.289,3.054C7.331,3.098,6.677,3.25,6.105,3.472C5.513,3.702,5.011,4.01,4.511,4.511 c-0.5,0.5-0.808,1.002-1.038,1.594C3.25,6.677,3.098,7.331,3.054,8.289C3.01,9.249,3,9.556,3,12c0,2.444,0.01,2.751,0.054,3.711 c0.044,0.958,0.196,1.612,0.418,2.185c0.23,0.592,0.538,1.094,1.038,1.594c0.5,0.5,1.002,0.808,1.594,1.038 c0.572,0.222,1.227,0.375,2.185,0.418C9.249,20.99,9.556,21,12,21s2.751-0.01,3.711-0.054c0.958-0.044,1.612-0.196,2.185-0.418 c0.592-0.23,1.094-0.538,1.594-1.038c0.5-0.5,0.808-1.002,1.038-1.594c0.222-0.572,0.375-1.227,0.418-2.185 C20.99,14.751,21,14.444,21,12s-0.01-2.751-0.054-3.711c-0.044-0.958-0.196-1.612-0.418-2.185c-0.23-0.592-0.538-1.094-1.038-1.594 c-0.5-0.5-1.002-0.808-1.594-1.038c-0.572-0.222-1.227-0.375-2.185-0.418C14.751,3.01,14.444,3,12,3L12,3z M12,7.378 c-2.552,0-4.622,2.069-4.622,4.622S9.448,16.622,12,16.622s4.622-2.069,4.622-4.622S14.552,7.378,12,7.378z M12,15 c-1.657,0-3-1.343-3-3s1.343-3,3-3s3,1.343,3,3S13.657,15,12,15z M16.804,6.116c-0.596,0-1.08,0.484-1.08,1.08 s0.484,1.08,1.08,1.08c0.596,0,1.08-0.484,1.08-1.08S17.401,6.116,16.804,6.116z\"><\/path><\/svg><span class=\"wp-block-social-link-label screen-reader-text\">Instagram<\/span><\/a><\/li><\/ul>\n<\/div><\/div>\n","protected":false},"excerpt":{"rendered":"<p>\u00c0 propos Amy\u2019s est un endroit unique et familiale comme \u00e0 la maison offrant des d\u00e9jeuners, d\u00eeners et des beignes d\u00e9licieux. Un d\u00e9jeuner distinctif et un menu midi pr\u00e9par\u00e9 exclusivement avec des ingr\u00e9dients de premi\u00e8re qualit\u00e9. Des options menu sant\u00e9 et v\u00e9g\u00e9tarien sont disponibles \u00e9galement ainsi que nos fameux smoothies et nos caf\u00e9s sp\u00e9cialis\u00e9s. Nos<a class=\"more-link\" href=\"https:\/\/amysdejeuner.com\/fr\/\">Lire la suite <span class=\"screen-reader-text\">&#8220;Home&#8221;<\/span><\/a><\/p>\n","protected":false},"author":1,"featured_media":0,"parent":0,"menu_order":0,"comment_status":"closed","ping_status":"closed","template":"template-page-builder.php","meta":{"nf_dc_page":"","_monsterinsights_skip_tracking":false,"_monsterinsights_sitenote_active":false,"_monsterinsights_sitenote_note":"","_monsterinsights_sitenote_category":0,"footnotes":""},"class_list":["post-3419","page","type-page","status-publish","hentry","entry"],"aioseo_notices":[],"jetpack_sharing_enabled":true,"_links":{"self":[{"href":"https:\/\/amysdejeuner.com\/fr\/wp-json\/wp\/v2\/pages\/3419","targetHints":{"allow":["GET"]}}],"collection":[{"href":"https:\/\/amysdejeuner.com\/fr\/wp-json\/wp\/v2\/pages"}],"about":[{"href":"https:\/\/amysdejeuner.com\/fr\/wp-json\/wp\/v2\/types\/page"}],"author":[{"embeddable":true,"href":"https:\/\/amysdejeuner.com\/fr\/wp-json\/wp\/v2\/users\/1"}],"replies":[{"embeddable":true,"href":"https:\/\/amysdejeuner.com\/fr\/wp-json\/wp\/v2\/comments?post=3419"}],"version-history":[{"count":5,"href":"https:\/\/amysdejeuner.com\/fr\/wp-json\/wp\/v2\/pages\/3419\/revisions"}],"predecessor-version":[{"id":5601,"href":"https:\/\/amysdejeuner.com\/fr\/wp-json\/wp\/v2\/pages\/3419\/revisions\/5601"}],"wp:attachment":[{"href":"https:\/\/amysdejeuner.com\/fr\/wp-json\/wp\/v2\/media?parent=3419"}],"curies":[{"name":"wp","href":"https:\/\/api.w.org\/{rel}","templated":true}]}}