{"id":4000,"date":"2022-05-07T11:34:10","date_gmt":"2022-05-07T15:34:10","guid":{"rendered":"https:\/\/amysdejeuner.com\/?page_id=4000"},"modified":"2024-05-10T12:58:21","modified_gmt":"2024-05-10T16:58:21","slug":"favoris-du-chef","status":"publish","type":"page","link":"https:\/\/amysdejeuner.com\/fr\/favoris-du-chef\/","title":{"rendered":"Favoris du Chef"},"content":{"rendered":"\n<div class=\"wp-block-cover is-light has-parallax\" id=\"favoris-du-chef\"><span aria-hidden=\"true\" class=\"wp-block-cover__background has-background-dim-20 has-background-dim\"><\/span><div class=\"wp-block-cover__image-background wp-image-107 has-parallax\" style=\"background-position:50% 50%;background-image:url(https:\/\/amysdejeuner.com\/wp-content\/uploads\/2021\/06\/Amys-Dejeuner-grandmas-favorite-Native-2-scaled.jpg)\"><\/div><div class=\"wp-block-cover__inner-container is-layout-flow wp-block-cover-is-layout-flow\">\n<h2 class=\"wp-block-heading has-text-align-center has-background-color has-text-color\">Favoris du Chef<\/h2>\n<\/div><\/div>\n\n\n\n<p class=\"has-text-align-center\">Servis avec nos patates d\u00e9jeuner OU patates PAF, f\u00e8ves au lard, r\u00f4ties et caf\u00e9 OU th\u00e9<br>*Choix de viande: Bacon, saucisse, jambon, bologne ou cr\u00e9ton<\/p>\n\n\n\n<div style=\"height:50px\" aria-hidden=\"true\" class=\"wp-block-spacer\"><\/div>\n\n\n<ul class=\"wp-block-latest-posts__list wp-block-latest-posts\"><li><a class=\"wp-block-latest-posts__post-title\" href=\"https:\/\/amysdejeuner.com\/fr\/action-jackson\/\">Action Jackson<\/a><div class=\"wp-block-latest-posts__post-full-content\"><div class=\"price\">$21.00<\/div>\r\n<div class=\"ingredients\">2 oeufs, bacon, saucisses, jambon, bologne, salami au boeuf et creton<\/div>\r\n\r\n<hr \/><\/div><\/li>\n<li><a class=\"wp-block-latest-posts__post-title\" href=\"https:\/\/amysdejeuner.com\/fr\/poutine-dejeuner-poulet\/\">Poutine D\u00e9jeuner -Poulet<\/a><div class=\"wp-block-latest-posts__post-full-content\"><div class=\"price\">$21.00<\/div>\r\n<div class=\"ingredients\">Poulet grill\u00e9 saut\u00e9, \u00e9pinards, champignons, fromage en grains. Surmont\u00e9 d\u2019un oeuf avec sauce brune ou hollandaise ou moiti\u00e9-moiti\u00e9<\/div>\r\n\r\n<hr \/><\/div><\/li>\n<li><a class=\"wp-block-latest-posts__post-title\" href=\"https:\/\/amysdejeuner.com\/fr\/poutine-dejeuner-viande-fumee\/\">Poutine D\u00e9jeuner &#8211; Viande Fum\u00e9e<\/a><div class=\"wp-block-latest-posts__post-full-content\"><div class=\"price\">$21.00<\/div>\r\n<div class=\"ingredients\">Viande fum\u00e9e saut\u00e9e, oignons, fromage en grains. Surmont\u00e9 d\u2019un oeuf avec sauce brune ou hollandaise ou moiti\u00e9-moiti\u00e9<\/div>\r\n\r\n<hr \/><\/div><\/li>\n<li><a class=\"wp-block-latest-posts__post-title\" href=\"https:\/\/amysdejeuner.com\/fr\/poutine-dejeuner-vegetalien\/\">Poutine D\u00e9jeuner &#8211; V\u00e9g\u00e9talien<\/a><div class=\"wp-block-latest-posts__post-full-content\"><div class=\"price\">$21.00<\/div>\r\n<div class=\"ingredients\">Oignons, champignons et poivrons saut\u00e9s, \u00e9pinards, tomates, asperges, ciboulette, cheddar v\u00e9g\u00e9talien, feta v\u00e9g\u00e9talien, sauce brune v\u00e9g\u00e9talienne *(sans \u0153ufs, sans f\u00e8ves)<\/div>\r\n\r\n<hr \/><\/div><\/li>\n<li><a class=\"wp-block-latest-posts__post-title\" href=\"https:\/\/amysdejeuner.com\/fr\/a-la-penny\/\">\u00c0 la Penny<\/a><div class=\"wp-block-latest-posts__post-full-content\"><div class=\"price\">$20.00<\/div>\r\n<div class=\"ingredients\">2 oeufs, choix d&#8217;une viande*, cr\u00eapes ou pain dor\u00e9 et fruits frais<\/div>\r\n\r\n<hr \/><\/div><\/li>\n<li><a class=\"wp-block-latest-posts__post-title\" href=\"https:\/\/amysdejeuner.com\/fr\/pop-it\/\">Pop-it<\/a><div class=\"wp-block-latest-posts__post-full-content\"><div class=\"price\">$20.00<\/div>\r\n<div class=\"ingredients\">Bagel mont\u00e9 de 2 oeufs, fromage Suisse, choix d&#8217;une viande* et fruits frais<\/div>\r\n\r\n<hr \/><\/div><\/li>\n<li><a class=\"wp-block-latest-posts__post-title\" href=\"https:\/\/amysdejeuner.com\/fr\/duo\/\">Duo<\/a><div class=\"wp-block-latest-posts__post-full-content\"><div class=\"price\">$20.00<\/div>\r\n<div class=\"ingredients\">2 oeufs, 2 choix de viande* et fruits frais<\/div>\r\n\r\n<hr \/><\/div><\/li>\n<li><a class=\"wp-block-latest-posts__post-title\" href=\"https:\/\/amysdejeuner.com\/fr\/flap-jack\/\">Flap Jack<\/a><div class=\"wp-block-latest-posts__post-full-content\"><div class=\"price\">$20.00<\/div>\r\n<div class=\"ingredients\">2 oeufs, choix d&#8217;une viande* avec pancakes et fruits frais\nFarci de bleuets ou p\u00e9pites de chocolat ou bananes pour un extra de 2.50 $<\/div>\r\n\r\n<hr \/><\/div><\/li>\n<li><a class=\"wp-block-latest-posts__post-title\" href=\"https:\/\/amysdejeuner.com\/fr\/jumelles\/\">Jumelles<\/a><div class=\"wp-block-latest-posts__post-full-content\"><div class=\"price\">$23.00<\/div>\r\n<div class=\"ingredients\">Pain dor\u00e9 mont\u00e9 avec 1 oeuf, choix d&#8217;une viande*, sauce hollandaise, cheddar gratin\u00e9 un pain dor\u00e9 aux fruits et cr\u00e8me anglaise<\/div>\r\n\r\n<hr \/><\/div><\/li>\n<li><a class=\"wp-block-latest-posts__post-title\" href=\"https:\/\/amysdejeuner.com\/fr\/gaufre-et-tendres-de-poulet-maison\/\">Gaufre et tendres de poulet maison<\/a><div class=\"wp-block-latest-posts__post-full-content\"><div class=\"price\">$23.00<\/div>\r\n<div class=\"ingredients\">Gaufre, tendres de poulet maison, mont\u00e9e de 2 oeufs garnis de miel local et ciboulette<\/div>\r\n\r\n<hr \/><\/div><\/li>\n<li><a class=\"wp-block-latest-posts__post-title\" href=\"https:\/\/amysdejeuner.com\/fr\/favori-damy\/\">Favori d\u2019Amy<\/a><div class=\"wp-block-latest-posts__post-full-content\"><div class=\"price\">$20.00<\/div>\r\n<div class=\"ingredients\">2 oeufs, choix d&#8217;une viande*, fruits frais, Beigne Gourmet et cr\u00e8me anglaise<\/div>\r\n\r\n<hr \/><\/div><\/li>\n<li><a class=\"wp-block-latest-posts__post-title\" href=\"https:\/\/amysdejeuner.com\/fr\/favori-de-grand-maman\/\">Favori de Grand-maman<\/a><div class=\"wp-block-latest-posts__post-full-content\"><div class=\"price\">$22.00<\/div>\r\n<div class=\"ingredients\">2 oeufs avec choix d&#8217;une viande*\n+ Choix de : Pancake, cr\u00eape, pain dor\u00e9 ou demi gaufre surmont\u00e9 de\n+ Choix de : Bananes, Bleuets, Fraises, Baies m\u00e9lang\u00e9 ou Fraise-banane\n+ Choix de 2 garnitures : Cr\u00e8me anglaise, Nutella, sauce choco Ferrero, caramel, chocolat blanc \u00e0 l\u2019\u00e9rable, beurre d\u2019arachides, sirop de fraises, cr\u00e8me fouett\u00e9e, p\u00e9pites de chocolat, sirop d&#8217;\u00e8rable<\/div>\r\n\r\n<hr \/><\/div><\/li>\n<li><a class=\"wp-block-latest-posts__post-title\" href=\"https:\/\/amysdejeuner.com\/fr\/favori-de-papa\/\">Favori de Papa<\/a><div class=\"wp-block-latest-posts__post-full-content\"><div class=\"price\">$22.00<\/div>\r\n<div class=\"ingredients\">2 oeufs, 1\/2 patates d\u00e9jeuner \/ 1\/2 patates PAF avec cr\u00eape caram\u00e9lis\u00e9, bacon, \u00e9pinards, cheddar (ou sans viande) avec sauce hollandaise \u00e0 c\u00f4t\u00e9<\/div>\r\n\r\n<hr \/><\/div><\/li>\n<li><a class=\"wp-block-latest-posts__post-title\" href=\"https:\/\/amysdejeuner.com\/fr\/poutine-dejeuner-charge\/\">Poutine D\u00e9jeuner &#8211; Charg\u00e9<\/a><div class=\"wp-block-latest-posts__post-full-content\"><div class=\"price\">$20.00<\/div>\r\n<div class=\"ingredients\">Bacon, saucisse, jambon, fromage en grain. Surmont\u00e9 d\u2019un oeuf avec sauce brune ou hollandaise ou moiti\u00e9-moiti\u00e9<\/div>\r\n\r\n<hr \/><\/div><\/li>\n<li><a class=\"wp-block-latest-posts__post-title\" href=\"https:\/\/amysdejeuner.com\/fr\/poutine-dejeuner-vege\/\">Poutine D\u00e9jeuner &#8211; V\u00e9g\u00e9<\/a><div class=\"wp-block-latest-posts__post-full-content\"><div class=\"price\">$20.00<\/div>\r\n<div class=\"ingredients\">Tomates, piments, champignons, oignons, \u00e9pinards, fromage en grains. Surmont\u00e9 d\u2019un oeuf avec sauce brune ou hollandaise ou moiti\u00e9-moiti\u00e9<\/div>\r\n\r\n<hr \/><\/div><\/li>\n<li><a class=\"wp-block-latest-posts__post-title\" href=\"https:\/\/amysdejeuner.com\/fr\/poutine-dejeuner-boeuf-en-folie\/\">Poutine D\u00e9jeuner &#8211; Boeuf en folie<\/a><div class=\"wp-block-latest-posts__post-full-content\"><div class=\"price\">$21.00<\/div>\r\n<div class=\"ingredients\">Saucisse de b\u0153uf fum\u00e9, salami de b\u0153uf, fromage en grains. Surmont\u00e9 d\u2019un oeuf avec sauce brune ou hollandaise ou moiti\u00e9-moiti\u00e9<\/div>\r\n\r\n<hr \/><\/div><\/li>\n<li><a class=\"wp-block-latest-posts__post-title\" href=\"https:\/\/amysdejeuner.com\/fr\/poutine-dejeuner-loukaniko\/\">Poutine D\u00e9jeuner &#8211; Loukaniko<\/a><div class=\"wp-block-latest-posts__post-full-content\"><div class=\"price\">$21.00<\/div>\r\n<div class=\"ingredients\">Saucisse grecque, oignons saut\u00e9s, tomates s\u00e9ch\u00e9es, fromage feta. Surmont\u00e9 d\u2019un oeuf avec sauce brune ou hollandaise ou moiti\u00e9-moiti\u00e9<\/div>\r\n\r\n<hr \/><\/div><\/li>\n<\/ul>\n\n\n<div style=\"height:50px\" aria-hidden=\"true\" class=\"wp-block-spacer\"><\/div>\n\n\n\n<p class=\"has-text-align-center\">Am\u00e9liorer vos patates!<br>Cheddar et sauce hollandaise 3.50$ \/ Cheddar et sauce brune 3.50$ \/ Sauce brune et patate pil\u00e9e 1.50$<br>Remplacer vos patates avec plantain 3.50$ \/ Remplacer vos patates avec salade maison 3$<br>Demandez notre mayonnaise \u00e9pic\u00e9e Gorilla 1.25$<\/p>\n","protected":false},"excerpt":{"rendered":"<p>Servis avec nos patates d\u00e9jeuner OU patates PAF, f\u00e8ves au lard, r\u00f4ties et caf\u00e9 OU th\u00e9*Choix de viande: Bacon, saucisse, jambon, bologne ou cr\u00e9ton Am\u00e9liorer vos patates!Cheddar et sauce hollandaise 3.50$ \/ Cheddar et sauce brune 3.50$ \/ Sauce brune et patate pil\u00e9e 1.50$Remplacer vos patates avec plantain 3.50$ \/ Remplacer vos patates avec salade<a class=\"more-link\" href=\"https:\/\/amysdejeuner.com\/fr\/favoris-du-chef\/\">Lire la suite <span class=\"screen-reader-text\">&#8220;Favoris du Chef&#8221;<\/span><\/a><\/p>\n","protected":false},"author":1,"featured_media":0,"parent":0,"menu_order":0,"comment_status":"closed","ping_status":"closed","template":"","meta":{"nf_dc_page":"","_monsterinsights_skip_tracking":false,"_monsterinsights_sitenote_active":false,"_monsterinsights_sitenote_note":"","_monsterinsights_sitenote_category":0,"footnotes":""},"class_list":["post-4000","page","type-page","status-publish","hentry","entry"],"aioseo_notices":[],"jetpack_sharing_enabled":true,"_links":{"self":[{"href":"https:\/\/amysdejeuner.com\/fr\/wp-json\/wp\/v2\/pages\/4000","targetHints":{"allow":["GET"]}}],"collection":[{"href":"https:\/\/amysdejeuner.com\/fr\/wp-json\/wp\/v2\/pages"}],"about":[{"href":"https:\/\/amysdejeuner.com\/fr\/wp-json\/wp\/v2\/types\/page"}],"author":[{"embeddable":true,"href":"https:\/\/amysdejeuner.com\/fr\/wp-json\/wp\/v2\/users\/1"}],"replies":[{"embeddable":true,"href":"https:\/\/amysdejeuner.com\/fr\/wp-json\/wp\/v2\/comments?post=4000"}],"version-history":[{"count":3,"href":"https:\/\/amysdejeuner.com\/fr\/wp-json\/wp\/v2\/pages\/4000\/revisions"}],"predecessor-version":[{"id":5581,"href":"https:\/\/amysdejeuner.com\/fr\/wp-json\/wp\/v2\/pages\/4000\/revisions\/5581"}],"wp:attachment":[{"href":"https:\/\/amysdejeuner.com\/fr\/wp-json\/wp\/v2\/media?parent=4000"}],"curies":[{"name":"wp","href":"https:\/\/api.w.org\/{rel}","templated":true}]}}