{"id":4025,"date":"2022-05-07T11:37:26","date_gmt":"2022-05-07T15:37:26","guid":{"rendered":"https:\/\/amysdejeuner.com\/?page_id=4025"},"modified":"2024-05-10T13:03:12","modified_gmt":"2024-05-10T17:03:12","slug":"sandwichs-savoureux","status":"publish","type":"page","link":"https:\/\/amysdejeuner.com\/fr\/sandwichs-savoureux\/","title":{"rendered":"Sandwichs et Burrito D\u00e9jeuner"},"content":{"rendered":"\n<div class=\"wp-block-cover is-light has-parallax\" id=\"sandwichs-savoureux\"><span aria-hidden=\"true\" class=\"wp-block-cover__background has-background-dim-20 has-background-dim\"><\/span><div class=\"wp-block-cover__image-background wp-image-4115 has-parallax\" style=\"background-position:50% 50%;background-image:url(https:\/\/amysdejeuner.com\/wp-content\/uploads\/2022\/08\/Sandwiches.jpg)\"><\/div><div class=\"wp-block-cover__inner-container is-layout-flow wp-block-cover-is-layout-flow\">\n<h2 class=\"wp-block-heading has-text-align-center has-background-color has-text-color\">Sandwichs et Burrito D\u00e9jeuner<\/h2>\n<\/div><\/div>\n\n\n\n<p class=\"has-text-align-center\">Garnis de laitue, tomates et mayonnaise maison. Servis avec bol de fruits frais, choix de patates et caf\u00e9.<\/p>\n\n\n\n<div style=\"height:50px\" aria-hidden=\"true\" class=\"wp-block-spacer\"><\/div>\n\n\n<ul class=\"wp-block-latest-posts__list wp-block-latest-posts\"><li><a class=\"wp-block-latest-posts__post-title\" href=\"https:\/\/amysdejeuner.com\/fr\/blt\/\">BLT<\/a><div class=\"wp-block-latest-posts__post-full-content\"><div class=\"price\">$18.00<\/div>\r\n<div class=\"ingredients\">Charg\u00e9 de bacon<\/div>\r\n\r\n<hr \/><\/div><\/li>\n<li><a class=\"wp-block-latest-posts__post-title\" href=\"https:\/\/amysdejeuner.com\/fr\/fameux-club-dejeuner\/\">Fameux Club D\u00e9jeuner<\/a><div class=\"wp-block-latest-posts__post-full-content\"><div class=\"price\">$20.00<\/div>\r\n<div class=\"ingredients\">Trois \u00e9tages, oeufs, fromage, bacon<\/div>\r\n\r\n<hr \/><\/div><\/li>\n<li><a class=\"wp-block-latest-posts__post-title\" href=\"https:\/\/amysdejeuner.com\/fr\/western\/\">Western<\/a><div class=\"wp-block-latest-posts__post-full-content\"><div class=\"price\">$20.00<\/div>\r\n<div class=\"ingredients\">Omelette au jambon, oignons et piments<\/div>\r\n\r\n<hr \/><\/div><\/li>\n<li><a class=\"wp-block-latest-posts__post-title\" href=\"https:\/\/amysdejeuner.com\/fr\/burrito-trois-viandes\/\">Burrito Trois Viandes<\/a><div class=\"wp-block-latest-posts__post-full-content\"><div class=\"price\">$21.00<\/div>\r\n<div class=\"ingredients\">Omelette au bacon, saucisse et jambon, Monterey Jack, salsa, cr\u00e8me sure \u00e0 c\u00f4t\u00e9<\/div>\r\n\r\n<hr \/><\/div><\/li>\n<li><a class=\"wp-block-latest-posts__post-title\" href=\"https:\/\/amysdejeuner.com\/fr\/burrito-steak-fondant\/\">Burrito Steak fondant<\/a><div class=\"wp-block-latest-posts__post-full-content\"><div class=\"price\">$21.00<\/div>\r\n<div class=\"ingredients\">Steak Philly, avocat, oignons saut\u00e9s, oeufs brouill\u00e9s, fromage Suisse et mayo Gorilla<\/div>\r\n\r\n<hr \/><\/div><\/li>\n<li><a class=\"wp-block-latest-posts__post-title\" href=\"https:\/\/amysdejeuner.com\/fr\/burrito-poulet-fondant\/\">Burrito Poulet fondant<\/a><div class=\"wp-block-latest-posts__post-full-content\"><div class=\"price\">$21.00<\/div>\r\n<div class=\"ingredients\">Poulet, oignons saut\u00e9s, \u0153ufs brouill\u00e9s, fromage Monterey Jack, sauce BBQ<\/div>\r\n\r\n<hr \/><\/div><\/li>\n<\/ul>\n\n\n<div style=\"height:50px\" aria-hidden=\"true\" class=\"wp-block-spacer\"><\/div>\n\n\n\n<p class=\"has-text-align-center\">Demandez notre mayonnaise \u00e9pic\u00e9e Gorilla 1.25$<\/p>\n","protected":false},"excerpt":{"rendered":"<p>Garnis de laitue, tomates et mayonnaise maison. Servis avec bol de fruits frais, choix de patates et caf\u00e9. Demandez notre mayonnaise \u00e9pic\u00e9e Gorilla 1.25$<\/p>\n","protected":false},"author":1,"featured_media":0,"parent":0,"menu_order":0,"comment_status":"closed","ping_status":"closed","template":"","meta":{"nf_dc_page":"","_monsterinsights_skip_tracking":false,"_monsterinsights_sitenote_active":false,"_monsterinsights_sitenote_note":"","_monsterinsights_sitenote_category":0,"footnotes":""},"class_list":["post-4025","page","type-page","status-publish","hentry","entry"],"aioseo_notices":[],"jetpack_sharing_enabled":true,"_links":{"self":[{"href":"https:\/\/amysdejeuner.com\/fr\/wp-json\/wp\/v2\/pages\/4025","targetHints":{"allow":["GET"]}}],"collection":[{"href":"https:\/\/amysdejeuner.com\/fr\/wp-json\/wp\/v2\/pages"}],"about":[{"href":"https:\/\/amysdejeuner.com\/fr\/wp-json\/wp\/v2\/types\/page"}],"author":[{"embeddable":true,"href":"https:\/\/amysdejeuner.com\/fr\/wp-json\/wp\/v2\/users\/1"}],"replies":[{"embeddable":true,"href":"https:\/\/amysdejeuner.com\/fr\/wp-json\/wp\/v2\/comments?post=4025"}],"version-history":[{"count":5,"href":"https:\/\/amysdejeuner.com\/fr\/wp-json\/wp\/v2\/pages\/4025\/revisions"}],"predecessor-version":[{"id":5587,"href":"https:\/\/amysdejeuner.com\/fr\/wp-json\/wp\/v2\/pages\/4025\/revisions\/5587"}],"wp:attachment":[{"href":"https:\/\/amysdejeuner.com\/fr\/wp-json\/wp\/v2\/media?parent=4025"}],"curies":[{"name":"wp","href":"https:\/\/api.w.org\/{rel}","templated":true}]}}